{"id":10502,"date":"2026-01-21T16:16:36","date_gmt":"2026-01-21T15:16:36","guid":{"rendered":"https:\/\/waystours.com\/?page_id=10502"},"modified":"2026-02-05T12:54:37","modified_gmt":"2026-02-05T11:54:37","slug":"peschiera-luxury-house-esperienze","status":"publish","type":"page","link":"https:\/\/waystours.com\/it\/peschiera-luxury-house-esperienze\/","title":{"rendered":"Peschiera Luxury House"},"content":{"rendered":"\t\t<div data-elementor-type=\"wp-page\" data-elementor-id=\"10502\" class=\"elementor elementor-10502 elementor-10484\" data-elementor-post-type=\"page\">\n\t\t\t\t\t\t<section class=\"elementor-section elementor-top-section elementor-element elementor-element-49cd2eb0 elementor-section-boxed elementor-section-height-default elementor-section-height-default\" data-id=\"49cd2eb0\" data-element_type=\"section\">\n\t\t\t\t\t\t<div class=\"elementor-container elementor-column-gap-default\">\n\t\t\t\t\t<div class=\"elementor-column elementor-col-100 elementor-top-column elementor-element elementor-element-3a225a75\" data-id=\"3a225a75\" data-element_type=\"column\">\n\t\t\t<div class=\"elementor-widget-wrap elementor-element-populated\">\n\t\t\t\t\t\t<section class=\"elementor-section elementor-inner-section elementor-element elementor-element-597e452 elementor-section-boxed elementor-section-height-default elementor-section-height-default\" data-id=\"597e452\" data-element_type=\"section\">\n\t\t\t\t\t\t<div class=\"elementor-container elementor-column-gap-default\">\n\t\t\t\t\t<div class=\"elementor-column elementor-col-100 elementor-inner-column elementor-element elementor-element-a0ffc40\" data-id=\"a0ffc40\" data-element_type=\"column\">\n\t\t\t<div class=\"elementor-widget-wrap elementor-element-populated\">\n\t\t\t\t\t\t<div class=\"elementor-element elementor-element-13f0c26 elementor-widget__width-initial elementor-widget elementor-widget-text-editor\" data-id=\"13f0c26\" data-element_type=\"widget\" data-widget_type=\"text-editor.default\">\n\t\t\t\t<div class=\"elementor-widget-container\">\n\t\t\t\t\t\t\t<p><strong>Durante il vostro soggiorno sul Lago di Garda, immersi in un\u2019atmosfera di puro relax, concedetevi il piacere di scoprire i dintorni in totale tranquillit\u00e0. <\/strong><\/p>\n\t\t\t\t\t\t<\/div>\n\t\t\t\t<\/div>\n\t\t\t\t<div class=\"elementor-element elementor-element-09748aa elementor-widget__width-initial elementor-widget elementor-widget-text-editor\" data-id=\"09748aa\" data-element_type=\"widget\" data-widget_type=\"text-editor.default\">\n\t\t\t\t<div class=\"elementor-widget-container\">\n\t\t\t\t\t\t\t<p>In collaborazione con il nostro affidabile partner locale, <em>Waystours<\/em>, abbiamo selezionato con cura una collezione di esperienze esclusive pensate per arricchire il vostro soggiorno. Dalle <b>escursioni private in barca<\/b> sulle acque cristalline del Lago di Garda, ai percorsi enogastronomici di una giornata, fino ai tour guidati pi\u00f9 iconici di Verona, ogni proposta \u00e8 studiata per offrirvi comfort, autenticit\u00e0 e un tocco di lusso, lasciandovi liberi di godervi ogni istante.<\/p>\n<p><em><strong>Prenota inserendo il codice <span style=\"color: #ffad02;\">PESCHIERA-LUXURY-HOUSE5<\/span> per usufruire del 5% di sconto su qualsiasi esperienza.<\/strong><\/em><\/p>\n\t\t\t\t\t\t<\/div>\n\t\t\t\t<\/div>\n\t\t\t\t\t<\/div>\n\t\t<\/div>\n\t\t\t\t\t<\/div>\n\t\t<\/section>\n\t\t\t\t\t<\/div>\n\t\t<\/div>\n\t\t\t\t\t<\/div>\n\t\t<\/section>\n\t\t\t\t<section class=\"elementor-section elementor-top-section elementor-element elementor-element-509d3ab0 elementor-section-boxed elementor-section-height-default elementor-section-height-default\" data-id=\"509d3ab0\" data-element_type=\"section\">\n\t\t\t\t\t\t<div class=\"elementor-container elementor-column-gap-default\">\n\t\t\t\t\t<div class=\"elementor-column elementor-col-100 elementor-top-column elementor-element elementor-element-7e423b6a\" data-id=\"7e423b6a\" data-element_type=\"column\">\n\t\t\t<div class=\"elementor-widget-wrap elementor-element-populated\">\n\t\t\t\t\t\t<div class=\"elementor-element elementor-element-7cfb443c elementor-widget elementor-widget-html\" data-id=\"7cfb443c\" data-element_type=\"widget\" data-widget_type=\"html.default\">\n\t\t\t\t<div class=\"elementor-widget-container\">\n\t\t\t<product-catalog-widget widget-id=\"5a1d7484-d4ea-40c5-976c-e770d2bf7d86\"><\/product-catalog-widget><script type=\"text\/javascript\" src=\"https:\/\/widgets.regiondo.net\/catalog\/v1\/catalog-widget.min.js\"><\/script>\t\t<\/div>\n\t\t\t\t<\/div>\n\t\t\t\t\t<\/div>\n\t\t<\/div>\n\t\t\t\t\t<\/div>\n\t\t<\/section>\n\t\t\t\t<\/div>\n\t\t","protected":false},"excerpt":{"rendered":"<p>Durante il vostro soggiorno sul Lago di Garda, immersi in un\u2019atmosfera di puro relax, concedetevi il piacere di scoprire i dintorni in totale tranquillit\u00e0. In collaborazione con il nostro affidabile partner locale, Waystours, abbiamo selezionato con cura una collezione di esperienze esclusive pensate per arricchire il vostro soggiorno. Dalle escursioni private in barca sulle acque [&hellip;]<\/p>\n","protected":false},"author":3,"featured_media":10505,"parent":0,"menu_order":0,"comment_status":"closed","ping_status":"closed","template":"","meta":{"site-sidebar-layout":"no-sidebar","site-content-layout":"page-builder","ast-site-content-layout":"full-width-container","site-content-style":"unboxed","site-sidebar-style":"unboxed","ast-global-header-display":"","ast-banner-title-visibility":"","ast-main-header-display":"","ast-hfb-above-header-display":"","ast-hfb-below-header-display":"","ast-hfb-mobile-header-display":"","site-post-title":"disabled","ast-breadcrumbs-content":"","ast-featured-img":"disabled","footer-sml-layout":"","theme-transparent-header-meta":"default","adv-header-id-meta":"","stick-header-meta":"","header-above-stick-meta":"","header-main-stick-meta":"","header-below-stick-meta":"","astra-migrate-meta-layouts":"set","ast-page-background-enabled":"default","ast-page-background-meta":{"desktop":{"background-color":"var(--ast-global-color-4)","background-image":"","background-repeat":"repeat","background-position":"center center","background-size":"auto","background-attachment":"scroll","background-type":"","background-media":"","overlay-type":"","overlay-color":"","overlay-opacity":"","overlay-gradient":""},"tablet":{"background-color":"","background-image":"","background-repeat":"repeat","background-position":"center center","background-size":"auto","background-attachment":"scroll","background-type":"","background-media":"","overlay-type":"","overlay-color":"","overlay-opacity":"","overlay-gradient":""},"mobile":{"background-color":"","background-image":"","background-repeat":"repeat","background-position":"center center","background-size":"auto","background-attachment":"scroll","background-type":"","background-media":"","overlay-type":"","overlay-color":"","overlay-opacity":"","overlay-gradient":""}},"ast-content-background-meta":{"desktop":{"background-color":"var(--ast-global-color-5)","background-image":"","background-repeat":"repeat","background-position":"center center","background-size":"auto","background-attachment":"scroll","background-type":"","background-media":"","overlay-type":"","overlay-color":"","overlay-opacity":"","overlay-gradient":""},"tablet":{"background-color":"var(--ast-global-color-5)","background-image":"","background-repeat":"repeat","background-position":"center center","background-size":"auto","background-attachment":"scroll","background-type":"","background-media":"","overlay-type":"","overlay-color":"","overlay-opacity":"","overlay-gradient":""},"mobile":{"background-color":"var(--ast-global-color-5)","background-image":"","background-repeat":"repeat","background-position":"center center","background-size":"auto","background-attachment":"scroll","background-type":"","background-media":"","overlay-type":"","overlay-color":"","overlay-opacity":"","overlay-gradient":""}},"footnotes":""},"categories":[170],"tags":[],"class_list":["post-10502","page","type-page","status-publish","has-post-thumbnail","hentry","category-clienti"],"yoast_head":"<!-- This site is optimized with the Yoast SEO plugin v23.8 - https:\/\/yoast.com\/wordpress\/plugins\/seo\/ -->\n<title>Peschiera Luxury House - Waystours<\/title>\n<meta name=\"robots\" content=\"index, follow, max-snippet:-1, max-image-preview:large, max-video-preview:-1\" \/>\n<link rel=\"canonical\" href=\"https:\/\/waystours.com\/it\/peschiera-luxury-house-esperienze\/\" \/>\n<meta property=\"og:locale\" content=\"it_IT\" \/>\n<meta property=\"og:type\" content=\"article\" \/>\n<meta property=\"og:title\" content=\"Peschiera Luxury House - Waystours\" \/>\n<meta property=\"og:description\" content=\"Durante il vostro soggiorno sul Lago di Garda, immersi in un\u2019atmosfera di puro relax, concedetevi il piacere di scoprire i dintorni in totale tranquillit\u00e0. In collaborazione con il nostro affidabile partner locale, Waystours, abbiamo selezionato con cura una collezione di esperienze esclusive pensate per arricchire il vostro soggiorno. Dalle escursioni private in barca sulle acque [&hellip;]\" \/>\n<meta property=\"og:url\" content=\"https:\/\/waystours.com\/it\/peschiera-luxury-house-esperienze\/\" \/>\n<meta property=\"og:site_name\" content=\"Waystours\" \/>\n<meta property=\"article:publisher\" content=\"https:\/\/www.facebook.com\/waystours.italy\" \/>\n<meta property=\"article:modified_time\" content=\"2026-02-05T11:54:37+00:00\" \/>\n<meta property=\"og:image\" content=\"https:\/\/waystours.com\/wp-content\/uploads\/2026\/01\/peschiera-del-garda-photo-1.jpg\" \/>\n\t<meta property=\"og:image:width\" content=\"1200\" \/>\n\t<meta property=\"og:image:height\" content=\"801\" \/>\n\t<meta property=\"og:image:type\" content=\"image\/jpeg\" \/>\n<meta name=\"twitter:card\" content=\"summary_large_image\" \/>\n<meta name=\"twitter:label1\" content=\"Tempo di lettura stimato\" \/>\n\t<meta name=\"twitter:data1\" content=\"1 minuto\" \/>\n<script type=\"application\/ld+json\" class=\"yoast-schema-graph\">{\"@context\":\"https:\/\/schema.org\",\"@graph\":[{\"@type\":\"WebPage\",\"@id\":\"https:\/\/waystours.com\/it\/peschiera-luxury-house-esperienze\/\",\"url\":\"https:\/\/waystours.com\/it\/peschiera-luxury-house-esperienze\/\",\"name\":\"Peschiera Luxury House - Waystours\",\"isPartOf\":{\"@id\":\"https:\/\/waystours.com\/#website\"},\"primaryImageOfPage\":{\"@id\":\"https:\/\/waystours.com\/it\/peschiera-luxury-house-esperienze\/#primaryimage\"},\"image\":{\"@id\":\"https:\/\/waystours.com\/it\/peschiera-luxury-house-esperienze\/#primaryimage\"},\"thumbnailUrl\":\"https:\/\/waystours.com\/wp-content\/uploads\/2026\/01\/peschiera-del-garda-photo-1.jpg\",\"datePublished\":\"2026-01-21T15:16:36+00:00\",\"dateModified\":\"2026-02-05T11:54:37+00:00\",\"breadcrumb\":{\"@id\":\"https:\/\/waystours.com\/it\/peschiera-luxury-house-esperienze\/#breadcrumb\"},\"inLanguage\":\"it-IT\",\"potentialAction\":[{\"@type\":\"ReadAction\",\"target\":[\"https:\/\/waystours.com\/it\/peschiera-luxury-house-esperienze\/\"]}]},{\"@type\":\"ImageObject\",\"inLanguage\":\"it-IT\",\"@id\":\"https:\/\/waystours.com\/it\/peschiera-luxury-house-esperienze\/#primaryimage\",\"url\":\"https:\/\/waystours.com\/wp-content\/uploads\/2026\/01\/peschiera-del-garda-photo-1.jpg\",\"contentUrl\":\"https:\/\/waystours.com\/wp-content\/uploads\/2026\/01\/peschiera-del-garda-photo-1.jpg\",\"width\":1200,\"height\":801},{\"@type\":\"BreadcrumbList\",\"@id\":\"https:\/\/waystours.com\/it\/peschiera-luxury-house-esperienze\/#breadcrumb\",\"itemListElement\":[{\"@type\":\"ListItem\",\"position\":1,\"name\":\"Home\",\"item\":\"https:\/\/waystours.com\/it\/\"},{\"@type\":\"ListItem\",\"position\":2,\"name\":\"Peschiera Luxury House\"}]},{\"@type\":\"WebSite\",\"@id\":\"https:\/\/waystours.com\/#website\",\"url\":\"https:\/\/waystours.com\/\",\"name\":\"Waystours\",\"description\":\"waystours\",\"publisher\":{\"@id\":\"https:\/\/waystours.com\/#organization\"},\"potentialAction\":[{\"@type\":\"SearchAction\",\"target\":{\"@type\":\"EntryPoint\",\"urlTemplate\":\"https:\/\/waystours.com\/?s={search_term_string}\"},\"query-input\":{\"@type\":\"PropertyValueSpecification\",\"valueRequired\":true,\"valueName\":\"search_term_string\"}}],\"inLanguage\":\"it-IT\"},{\"@type\":\"Organization\",\"@id\":\"https:\/\/waystours.com\/#organization\",\"name\":\"Waystours\",\"url\":\"https:\/\/waystours.com\/\",\"logo\":{\"@type\":\"ImageObject\",\"inLanguage\":\"it-IT\",\"@id\":\"https:\/\/waystours.com\/#\/schema\/logo\/image\/\",\"url\":\"https:\/\/waystours.com\/wp-content\/uploads\/2024\/11\/Waystours_black_payoff.png\",\"contentUrl\":\"https:\/\/waystours.com\/wp-content\/uploads\/2024\/11\/Waystours_black_payoff.png\",\"width\":2727,\"height\":1182,\"caption\":\"Waystours\"},\"image\":{\"@id\":\"https:\/\/waystours.com\/#\/schema\/logo\/image\/\"},\"sameAs\":[\"https:\/\/www.facebook.com\/waystours.italy\",\"https:\/\/www.instagram.com\/waystours.italy\/\"]}]}<\/script>\n<!-- \/ Yoast SEO plugin. -->","yoast_head_json":{"title":"Peschiera Luxury House - Waystours","robots":{"index":"index","follow":"follow","max-snippet":"max-snippet:-1","max-image-preview":"max-image-preview:large","max-video-preview":"max-video-preview:-1"},"canonical":"https:\/\/waystours.com\/it\/peschiera-luxury-house-esperienze\/","og_locale":"it_IT","og_type":"article","og_title":"Peschiera Luxury House - Waystours","og_description":"Durante il vostro soggiorno sul Lago di Garda, immersi in un\u2019atmosfera di puro relax, concedetevi il piacere di scoprire i dintorni in totale tranquillit\u00e0. In collaborazione con il nostro affidabile partner locale, Waystours, abbiamo selezionato con cura una collezione di esperienze esclusive pensate per arricchire il vostro soggiorno. Dalle escursioni private in barca sulle acque [&hellip;]","og_url":"https:\/\/waystours.com\/it\/peschiera-luxury-house-esperienze\/","og_site_name":"Waystours","article_publisher":"https:\/\/www.facebook.com\/waystours.italy","article_modified_time":"2026-02-05T11:54:37+00:00","og_image":[{"width":1200,"height":801,"url":"https:\/\/waystours.com\/wp-content\/uploads\/2026\/01\/peschiera-del-garda-photo-1.jpg","type":"image\/jpeg"}],"twitter_card":"summary_large_image","twitter_misc":{"Tempo di lettura stimato":"1 minuto"},"schema":{"@context":"https:\/\/schema.org","@graph":[{"@type":"WebPage","@id":"https:\/\/waystours.com\/it\/peschiera-luxury-house-esperienze\/","url":"https:\/\/waystours.com\/it\/peschiera-luxury-house-esperienze\/","name":"Peschiera Luxury House - Waystours","isPartOf":{"@id":"https:\/\/waystours.com\/#website"},"primaryImageOfPage":{"@id":"https:\/\/waystours.com\/it\/peschiera-luxury-house-esperienze\/#primaryimage"},"image":{"@id":"https:\/\/waystours.com\/it\/peschiera-luxury-house-esperienze\/#primaryimage"},"thumbnailUrl":"https:\/\/waystours.com\/wp-content\/uploads\/2026\/01\/peschiera-del-garda-photo-1.jpg","datePublished":"2026-01-21T15:16:36+00:00","dateModified":"2026-02-05T11:54:37+00:00","breadcrumb":{"@id":"https:\/\/waystours.com\/it\/peschiera-luxury-house-esperienze\/#breadcrumb"},"inLanguage":"it-IT","potentialAction":[{"@type":"ReadAction","target":["https:\/\/waystours.com\/it\/peschiera-luxury-house-esperienze\/"]}]},{"@type":"ImageObject","inLanguage":"it-IT","@id":"https:\/\/waystours.com\/it\/peschiera-luxury-house-esperienze\/#primaryimage","url":"https:\/\/waystours.com\/wp-content\/uploads\/2026\/01\/peschiera-del-garda-photo-1.jpg","contentUrl":"https:\/\/waystours.com\/wp-content\/uploads\/2026\/01\/peschiera-del-garda-photo-1.jpg","width":1200,"height":801},{"@type":"BreadcrumbList","@id":"https:\/\/waystours.com\/it\/peschiera-luxury-house-esperienze\/#breadcrumb","itemListElement":[{"@type":"ListItem","position":1,"name":"Home","item":"https:\/\/waystours.com\/it\/"},{"@type":"ListItem","position":2,"name":"Peschiera Luxury House"}]},{"@type":"WebSite","@id":"https:\/\/waystours.com\/#website","url":"https:\/\/waystours.com\/","name":"Waystours","description":"waystours","publisher":{"@id":"https:\/\/waystours.com\/#organization"},"potentialAction":[{"@type":"SearchAction","target":{"@type":"EntryPoint","urlTemplate":"https:\/\/waystours.com\/?s={search_term_string}"},"query-input":{"@type":"PropertyValueSpecification","valueRequired":true,"valueName":"search_term_string"}}],"inLanguage":"it-IT"},{"@type":"Organization","@id":"https:\/\/waystours.com\/#organization","name":"Waystours","url":"https:\/\/waystours.com\/","logo":{"@type":"ImageObject","inLanguage":"it-IT","@id":"https:\/\/waystours.com\/#\/schema\/logo\/image\/","url":"https:\/\/waystours.com\/wp-content\/uploads\/2024\/11\/Waystours_black_payoff.png","contentUrl":"https:\/\/waystours.com\/wp-content\/uploads\/2024\/11\/Waystours_black_payoff.png","width":2727,"height":1182,"caption":"Waystours"},"image":{"@id":"https:\/\/waystours.com\/#\/schema\/logo\/image\/"},"sameAs":["https:\/\/www.facebook.com\/waystours.italy","https:\/\/www.instagram.com\/waystours.italy\/"]}]}},"_links":{"self":[{"href":"https:\/\/waystours.com\/it\/wp-json\/wp\/v2\/pages\/10502","targetHints":{"allow":["GET"]}}],"collection":[{"href":"https:\/\/waystours.com\/it\/wp-json\/wp\/v2\/pages"}],"about":[{"href":"https:\/\/waystours.com\/it\/wp-json\/wp\/v2\/types\/page"}],"author":[{"embeddable":true,"href":"https:\/\/waystours.com\/it\/wp-json\/wp\/v2\/users\/3"}],"replies":[{"embeddable":true,"href":"https:\/\/waystours.com\/it\/wp-json\/wp\/v2\/comments?post=10502"}],"version-history":[{"count":12,"href":"https:\/\/waystours.com\/it\/wp-json\/wp\/v2\/pages\/10502\/revisions"}],"predecessor-version":[{"id":11525,"href":"https:\/\/waystours.com\/it\/wp-json\/wp\/v2\/pages\/10502\/revisions\/11525"}],"wp:featuredmedia":[{"embeddable":true,"href":"https:\/\/waystours.com\/it\/wp-json\/wp\/v2\/media\/10505"}],"wp:attachment":[{"href":"https:\/\/waystours.com\/it\/wp-json\/wp\/v2\/media?parent=10502"}],"wp:term":[{"taxonomy":"category","embeddable":true,"href":"https:\/\/waystours.com\/it\/wp-json\/wp\/v2\/categories?post=10502"},{"taxonomy":"post_tag","embeddable":true,"href":"https:\/\/waystours.com\/it\/wp-json\/wp\/v2\/tags?post=10502"}],"curies":[{"name":"wp","href":"https:\/\/api.w.org\/{rel}","templated":true}]}}